{"id":41724,"date":"2025-12-10T09:25:24","date_gmt":"2025-12-10T08:25:24","guid":{"rendered":"https:\/\/www.grupopicaporte.es\/?page_id=41724"},"modified":"2025-12-10T09:26:10","modified_gmt":"2025-12-10T08:26:10","slug":"politica-privacidad","status":"publish","type":"page","link":"https:\/\/www.grupopicaporte.es\/en\/politica-privacidad\/","title":{"rendered":"Pol\u00edtica privacidad"},"content":{"rendered":"<div data-elementor-type=\"wp-page\" data-elementor-id=\"41724\" class=\"elementor elementor-41724\" data-elementor-post-type=\"page\">\n\t\t\t\t<div class=\"elementor-element elementor-element-14a5c794 e-flex e-con-boxed e-con e-parent\" data-id=\"14a5c794\" data-element_type=\"container\" data-e-type=\"container\">\n\t\t\t\t\t<div class=\"e-con-inner\">\n\t\t\t\t<div class=\"elementor-element elementor-element-fba5317 elementor-widget elementor-widget-text-editor\" data-id=\"fba5317\" data-element_type=\"widget\" data-e-type=\"widget\" data-widget_type=\"text-editor.default\">\n\t\t\t\t<div class=\"elementor-widget-container\">\n\t\t\t\t\t\t\t\t\t<p>PICAPORTE EVENTS &amp; CREATIVITY LAB, S.L. en cumplimiento con el deber de informaci\u00f3n recogido en art\u00edculo 10 de la Ley 34\/2002, de 11 de julio, de Servicios de la Sociedad de la Informaci\u00f3n y del Comercio Electr\u00f3nico, a continuaci\u00f3n, se reflejan los siguientes datos: la empresa titular de dominio web www.grupopicaporte.es, es PICAPORTE EVENTS &amp; CREATIVITY LAB, S.L., con domicilio en Calle Gamonal, 20 1\u00baG, 28031, Madrid., Correo electr\u00f3nico de contacto: hola@grupopicaporte.es.<\/p><ol><li><strong> USUARIOS<\/strong><\/li><\/ol><p>El acceso y\/o uso de este portal de www.grupopicaporte.es atribuye la condici\u00f3n de USUARIO, que acepta, desde dicho acceso y\/o uso, las Condiciones Generales de Uso aqu\u00ed reflejadas. Las citadas Condiciones ser\u00e1n de aplicaci\u00f3n independientemente de las Condiciones Generales de Contrataci\u00f3n que en su caso resulten de obligado cumplimiento.<\/p><ol start=\"2\"><li><strong> USO DEL PORTAL<\/strong><\/li><\/ol><p>www.grupopicaporte.es proporciona el acceso a multitud de informaciones, servicios, programas o datos (en adelante, \u201clos contenidos\u201d) en Internet pertenecientes a www.grupopicaporte.es o a sus licenciantes a los que el USUARIO pueda tener acceso. El USUARIO asume la responsabilidad del uso del portal. Dicha responsabilidad se extiende al registro que fuese necesario para acceder a determinados servicios o contenidos.<\/p><p>En dicho registro el USUARIO ser\u00e1 responsable de aportar informaci\u00f3n veraz y l\u00edcita. Como consecuencia de este registro, al USUARIO se le puede proporcionar una contrase\u00f1a de la que ser\u00e1 responsable, comprometi\u00e9ndose a hacer un uso diligente y confidencial de la misma. El USUARIO se compromete a hacer un uso adecuado de los contenidos y servicios (como por ejemplo servicios de chat, foros de discusi\u00f3n o grupos de noticias) que Nombre de la empresa creadora del sitio web ofrece a trav\u00e9s de su portal y con car\u00e1cter enunciativo pero no limitativo, a no emplearlos para incurrir en actividades il\u00edcitas, ilegales o contrarias a la buena fe y al orden p\u00fablico; \u00a0difundir contenidos o propaganda de car\u00e1cter racista, xen\u00f3fobo, pornogr\u00e1fico-ilegal, de apolog\u00eda del terrorismo o atentatorio contra los derechos humanos; provocar da\u00f1os en los sistemas f\u00edsicos y l\u00f3gicos de Nombre de la empresa creadora del sitio web , de sus proveedores o de terceras personas, introducir o difundir en la red virus inform\u00e1ticos o cualesquiera otros sistemas f\u00edsicos o l\u00f3gicos que sean susceptibles de provocar los da\u00f1os anteriormente mencionados; \u00a0intentar acceder y, en su caso, utilizar las cuentas de correo electr\u00f3nico de otros usuarios y modificar o manipular sus mensajes. Nombre de la empresa creadora del sitio web se reserva el derecho de retirar todos aquellos comentarios y aportaciones que vulneren el respeto a la dignidad de la persona, que sean discriminatorios, xen\u00f3fobos, racistas, pornogr\u00e1ficos, que atenten contra la juventud o la infancia, el orden o la seguridad p\u00fablica o que, a su juicio, no resultan adecuados para su publicaci\u00f3n. En cualquier caso, www.grupopicaporte.es no ser\u00e1 responsable de las opiniones vertidas por los usuarios a trav\u00e9s de los foros, chats, u otras herramientas de participaci\u00f3n.<\/p><ol start=\"3\"><li><strong> PROTECCI\u00d3N DE DATOS<\/strong><\/li><\/ol><p><strong>www.grupopicaporte.es<\/strong> garantiza el cumplimiento de la normativa vigente en materia de protecci\u00f3n de datos personales, reflejada en el <strong>Reglamento General de Protecci\u00f3n de Datos (RGPD)<\/strong> (UE) 2016\/679 y la <strong>Ley Org\u00e1nica 3\/2018, de 5 de diciembre, de Protecci\u00f3n de Datos Personales y garant\u00eda de los derechos digitales (LOPDGDD)<\/strong>.<\/p><p>El uso del formulario de contacto disponible en <strong>www.grupopicaporte.es<\/strong> implica la aceptaci\u00f3n de esta Pol\u00edtica de Privacidad.<\/p><ul><li><strong>Responsable del Tratamiento:<\/strong> <strong>PICAPORTE EVENTS &amp; CREATIVITY LAB, S.L <\/strong>y domicilio en Calle Gamonal, 20 1\u00baG, 28031, Madrid. (o, alternativamente, solo el correo electr\u00f3nico de contacto: <strong>hola@grupopicaporte.es<\/strong>).<\/li><li><strong>Finalidad del Tratamiento:<\/strong> La \u00fanica finalidad es <strong>gestionar la consulta o solicitud de informaci\u00f3n<\/strong> que nos env\u00edes a trav\u00e9s del formulario de contacto y poder responderte.<\/li><li><strong>Legitimaci\u00f3n:<\/strong> Tu <strong>consentimiento expl\u00edcito<\/strong> al marcar la casilla de aceptaci\u00f3n.<\/li><li><strong>Conservaci\u00f3n de los Datos:<\/strong> Los datos se conservar\u00e1n el tiempo necesario para atender tu consulta y, posteriormente, durante los plazos legalmente exigibles para atender posibles responsabilidades.<\/li><li><strong>Destinatarios:<\/strong> <strong>No se realizar\u00e1n cesiones ni comunicaciones de datos a terceros<\/strong>, salvo por obligaci\u00f3n legal.<\/li><li><strong>Tus Derechos:<\/strong> Tienes derecho a acceder a tus datos, solicitar su rectificaci\u00f3n o supresi\u00f3n, solicitar la limitaci\u00f3n de su tratamiento, oponerte al mismo, as\u00ed como el derecho a la portabilidad de los datos. Puedes ejercer estos derechos enviando un correo electr\u00f3nico a <strong>hola@grupopicaporte.es<\/strong>, adjuntando una copia de tu DNI o documento identificativo.<\/li><\/ul><p>\u00a0<\/p>\t\t\t\t\t\t\t\t<\/div>\n\t\t\t\t<\/div>\n\t\t\t\t\t<\/div>\n\t\t\t\t<\/div>\n\t\t\t\t<\/div>","protected":false},"excerpt":{"rendered":"<p>PICAPORTE EVENTS &amp; CREATIVITY LAB, S.L. en cumplimiento con el deber de informaci\u00f3n recogido en art\u00edculo 10 de la Ley 34\/2002, de 11 de julio, de Servicios de la Sociedad de la Informaci\u00f3n y del Comercio Electr\u00f3nico, a continuaci\u00f3n, se reflejan los siguientes datos: la empresa titular de dominio web www.grupopicaporte.es, es PICAPORTE EVENTS &amp;&hellip;<\/p>","protected":false},"author":1,"featured_media":0,"parent":0,"menu_order":0,"comment_status":"closed","ping_status":"closed","template":"","meta":{"footnotes":""},"class_list":["post-41724","page","type-page","status-publish","hentry"],"yoast_head":"<!-- This site is optimized with the Yoast SEO plugin v27.3 - https:\/\/yoast.com\/product\/yoast-seo-wordpress\/ -->\n<title>Pol\u00edtica privacidad - Grupo Picaporte<\/title>\n<meta name=\"robots\" content=\"index, follow, max-snippet:-1, max-image-preview:large, max-video-preview:-1\" \/>\n<link rel=\"canonical\" href=\"https:\/\/www.grupopicaporte.es\/en\/politica-privacidad\/\" \/>\n<meta property=\"og:locale\" content=\"en_GB\" \/>\n<meta property=\"og:type\" content=\"article\" \/>\n<meta property=\"og:title\" content=\"Pol\u00edtica privacidad - Grupo Picaporte\" \/>\n<meta property=\"og:description\" content=\"PICAPORTE EVENTS &amp; CREATIVITY LAB, S.L. en cumplimiento con el deber de informaci\u00f3n recogido en art\u00edculo 10 de la Ley 34\/2002, de 11 de julio, de Servicios de la Sociedad de la Informaci\u00f3n y del Comercio Electr\u00f3nico, a continuaci\u00f3n, se reflejan los siguientes datos: la empresa titular de dominio web www.grupopicaporte.es, es PICAPORTE EVENTS &amp;&hellip;\" \/>\n<meta property=\"og:url\" content=\"https:\/\/www.grupopicaporte.es\/en\/politica-privacidad\/\" \/>\n<meta property=\"og:site_name\" content=\"Grupo Picaporte\" \/>\n<meta property=\"article:modified_time\" content=\"2025-12-10T08:26:10+00:00\" \/>\n<meta name=\"twitter:card\" content=\"summary_large_image\" \/>\n<meta name=\"twitter:label1\" content=\"Estimated reading time\" \/>\n\t<meta name=\"twitter:data1\" content=\"4 minutes\" \/>\n<script type=\"application\/ld+json\" class=\"yoast-schema-graph\">{\"@context\":\"https:\\\/\\\/schema.org\",\"@graph\":[{\"@type\":\"WebPage\",\"@id\":\"https:\\\/\\\/www.grupopicaporte.es\\\/politica-privacidad\\\/\",\"url\":\"https:\\\/\\\/www.grupopicaporte.es\\\/politica-privacidad\\\/\",\"name\":\"Pol\u00edtica privacidad - Grupo Picaporte\",\"isPartOf\":{\"@id\":\"https:\\\/\\\/www.grupopicaporte.es\\\/#website\"},\"datePublished\":\"2025-12-10T08:25:24+00:00\",\"dateModified\":\"2025-12-10T08:26:10+00:00\",\"breadcrumb\":{\"@id\":\"https:\\\/\\\/www.grupopicaporte.es\\\/politica-privacidad\\\/#breadcrumb\"},\"inLanguage\":\"en-GB\",\"potentialAction\":[{\"@type\":\"ReadAction\",\"target\":[\"https:\\\/\\\/www.grupopicaporte.es\\\/politica-privacidad\\\/\"]}]},{\"@type\":\"BreadcrumbList\",\"@id\":\"https:\\\/\\\/www.grupopicaporte.es\\\/politica-privacidad\\\/#breadcrumb\",\"itemListElement\":[{\"@type\":\"ListItem\",\"position\":1,\"name\":\"Portada\",\"item\":\"https:\\\/\\\/www.grupopicaporte.es\\\/\"},{\"@type\":\"ListItem\",\"position\":2,\"name\":\"Pol\u00edtica privacidad\"}]},{\"@type\":\"WebSite\",\"@id\":\"https:\\\/\\\/www.grupopicaporte.es\\\/#website\",\"url\":\"https:\\\/\\\/www.grupopicaporte.es\\\/\",\"name\":\"Grupo Picaporte\",\"description\":\"Picaporte\",\"publisher\":{\"@id\":\"https:\\\/\\\/www.grupopicaporte.es\\\/#organization\"},\"potentialAction\":[{\"@type\":\"SearchAction\",\"target\":{\"@type\":\"EntryPoint\",\"urlTemplate\":\"https:\\\/\\\/www.grupopicaporte.es\\\/?s={search_term_string}\"},\"query-input\":{\"@type\":\"PropertyValueSpecification\",\"valueRequired\":true,\"valueName\":\"search_term_string\"}}],\"inLanguage\":\"en-GB\"},{\"@type\":\"Organization\",\"@id\":\"https:\\\/\\\/www.grupopicaporte.es\\\/#organization\",\"name\":\"Grupo Picaporte\",\"url\":\"https:\\\/\\\/www.grupopicaporte.es\\\/\",\"logo\":{\"@type\":\"ImageObject\",\"inLanguage\":\"en-GB\",\"@id\":\"https:\\\/\\\/www.grupopicaporte.es\\\/#\\\/schema\\\/logo\\\/image\\\/\",\"url\":\"https:\\\/\\\/www.grupopicaporte.es\\\/wp-content\\\/uploads\\\/2025\\\/11\\\/PICAPORTE_300x169.png\",\"contentUrl\":\"https:\\\/\\\/www.grupopicaporte.es\\\/wp-content\\\/uploads\\\/2025\\\/11\\\/PICAPORTE_300x169.png\",\"width\":1194,\"height\":260,\"caption\":\"Grupo Picaporte\"},\"image\":{\"@id\":\"https:\\\/\\\/www.grupopicaporte.es\\\/#\\\/schema\\\/logo\\\/image\\\/\"}}]}<\/script>\n<!-- \/ Yoast SEO plugin. -->","yoast_head_json":{"title":"Pol\u00edtica privacidad - Grupo Picaporte","robots":{"index":"index","follow":"follow","max-snippet":"max-snippet:-1","max-image-preview":"max-image-preview:large","max-video-preview":"max-video-preview:-1"},"canonical":"https:\/\/www.grupopicaporte.es\/en\/politica-privacidad\/","og_locale":"en_GB","og_type":"article","og_title":"Pol\u00edtica privacidad - Grupo Picaporte","og_description":"PICAPORTE EVENTS &amp; CREATIVITY LAB, S.L. en cumplimiento con el deber de informaci\u00f3n recogido en art\u00edculo 10 de la Ley 34\/2002, de 11 de julio, de Servicios de la Sociedad de la Informaci\u00f3n y del Comercio Electr\u00f3nico, a continuaci\u00f3n, se reflejan los siguientes datos: la empresa titular de dominio web www.grupopicaporte.es, es PICAPORTE EVENTS &amp;&hellip;","og_url":"https:\/\/www.grupopicaporte.es\/en\/politica-privacidad\/","og_site_name":"Grupo Picaporte","article_modified_time":"2025-12-10T08:26:10+00:00","twitter_card":"summary_large_image","twitter_misc":{"Estimated reading time":"4 minutes"},"schema":{"@context":"https:\/\/schema.org","@graph":[{"@type":"WebPage","@id":"https:\/\/www.grupopicaporte.es\/politica-privacidad\/","url":"https:\/\/www.grupopicaporte.es\/politica-privacidad\/","name":"Pol\u00edtica privacidad - Grupo Picaporte","isPartOf":{"@id":"https:\/\/www.grupopicaporte.es\/#website"},"datePublished":"2025-12-10T08:25:24+00:00","dateModified":"2025-12-10T08:26:10+00:00","breadcrumb":{"@id":"https:\/\/www.grupopicaporte.es\/politica-privacidad\/#breadcrumb"},"inLanguage":"en-GB","potentialAction":[{"@type":"ReadAction","target":["https:\/\/www.grupopicaporte.es\/politica-privacidad\/"]}]},{"@type":"BreadcrumbList","@id":"https:\/\/www.grupopicaporte.es\/politica-privacidad\/#breadcrumb","itemListElement":[{"@type":"ListItem","position":1,"name":"Portada","item":"https:\/\/www.grupopicaporte.es\/"},{"@type":"ListItem","position":2,"name":"Pol\u00edtica privacidad"}]},{"@type":"WebSite","@id":"https:\/\/www.grupopicaporte.es\/#website","url":"https:\/\/www.grupopicaporte.es\/","name":"Grupo Picaporte","description":"Picaporte","publisher":{"@id":"https:\/\/www.grupopicaporte.es\/#organization"},"potentialAction":[{"@type":"SearchAction","target":{"@type":"EntryPoint","urlTemplate":"https:\/\/www.grupopicaporte.es\/?s={search_term_string}"},"query-input":{"@type":"PropertyValueSpecification","valueRequired":true,"valueName":"search_term_string"}}],"inLanguage":"en-GB"},{"@type":"Organization","@id":"https:\/\/www.grupopicaporte.es\/#organization","name":"Grupo Picaporte","url":"https:\/\/www.grupopicaporte.es\/","logo":{"@type":"ImageObject","inLanguage":"en-GB","@id":"https:\/\/www.grupopicaporte.es\/#\/schema\/logo\/image\/","url":"https:\/\/www.grupopicaporte.es\/wp-content\/uploads\/2025\/11\/PICAPORTE_300x169.png","contentUrl":"https:\/\/www.grupopicaporte.es\/wp-content\/uploads\/2025\/11\/PICAPORTE_300x169.png","width":1194,"height":260,"caption":"Grupo Picaporte"},"image":{"@id":"https:\/\/www.grupopicaporte.es\/#\/schema\/logo\/image\/"}}]}},"_links":{"self":[{"href":"https:\/\/www.grupopicaporte.es\/en\/wp-json\/wp\/v2\/pages\/41724","targetHints":{"allow":["GET"]}}],"collection":[{"href":"https:\/\/www.grupopicaporte.es\/en\/wp-json\/wp\/v2\/pages"}],"about":[{"href":"https:\/\/www.grupopicaporte.es\/en\/wp-json\/wp\/v2\/types\/page"}],"author":[{"embeddable":true,"href":"https:\/\/www.grupopicaporte.es\/en\/wp-json\/wp\/v2\/users\/1"}],"replies":[{"embeddable":true,"href":"https:\/\/www.grupopicaporte.es\/en\/wp-json\/wp\/v2\/comments?post=41724"}],"version-history":[{"count":4,"href":"https:\/\/www.grupopicaporte.es\/en\/wp-json\/wp\/v2\/pages\/41724\/revisions"}],"predecessor-version":[{"id":41728,"href":"https:\/\/www.grupopicaporte.es\/en\/wp-json\/wp\/v2\/pages\/41724\/revisions\/41728"}],"wp:attachment":[{"href":"https:\/\/www.grupopicaporte.es\/en\/wp-json\/wp\/v2\/media?parent=41724"}],"curies":[{"name":"wp","href":"https:\/\/api.w.org\/{rel}","templated":true}]}}