{"id":41432,"date":"2025-11-27T09:58:15","date_gmt":"2025-11-27T08:58:15","guid":{"rendered":"https:\/\/www.grupopicaporte.es\/?page_id=41432"},"modified":"2026-01-28T10:14:29","modified_gmt":"2026-01-28T09:14:29","slug":"aviso-legal","status":"publish","type":"page","link":"https:\/\/www.grupopicaporte.es\/en\/aviso-legal\/","title":{"rendered":"Legal notice"},"content":{"rendered":"<div data-elementor-type=\"wp-page\" data-elementor-id=\"41432\" class=\"elementor elementor-41432\" data-elementor-post-type=\"page\">\n\t\t\t\t<div class=\"elementor-element elementor-element-14a5c794 e-flex e-con-boxed e-con e-parent\" data-id=\"14a5c794\" data-element_type=\"container\" data-e-type=\"container\">\n\t\t\t\t\t<div class=\"e-con-inner\">\n\t\t\t\t<div class=\"elementor-element elementor-element-fba5317 elementor-widget elementor-widget-text-editor\" data-id=\"fba5317\" data-element_type=\"widget\" data-e-type=\"widget\" data-widget_type=\"text-editor.default\">\n\t\t\t\t<div class=\"elementor-widget-container\">\n\t\t\t\t\t\t\t\t\t<div><div><strong>Responsable Legal<\/strong><\/div><p>\u00a0<\/p><div><strong>PICAPORTE EVENTS &amp; CREATIVITY LAB, S.L<\/strong><\/div><div><strong>NIF\/CIF: B75366252<\/strong><\/div><div><strong>Inscrita en registro mercantil de Madrid, folio 8, secci\u00f3n 8, M-834638<\/strong><\/div><div><strong>Direcci\u00f3n: Calle Gamonal, 20 1\u00baG, 28031, Madrid<\/strong><\/div><div><strong>Email de Contacto: hola@grupopicaporte.es<\/strong><\/div><p>\u00a0<\/p><div>Las presentes condiciones legales regulan el uso permitido de esta p\u00e1gina web que PICAPORTE EVENTS &amp; CREATIVITY LAB, S.L., en adelante, (GRUPO PICAPORTE) pone gratuitamente a disposici\u00f3n de los usuarios de Internet. Si no est\u00e1 conforme con estas condiciones legales debe abandonar esta p\u00e1gina web.<\/div><div>\u00a0<\/div><div>El Usuario se obliga a usar la web, los servicios y sus contenidos de forma diligente, correcta y l\u00edcita y en particular, deber\u00e1 abstenerse de:<\/div><p>\u00a0<\/p><div>Suprimir, eludir o manipular el \u201ccopyright\u201d y dem\u00e1s datos identificativos de los derechos de sus titulares incorporados a los contenidos, as\u00ed como los dispositivos t\u00e9cnicos de protecci\u00f3n, o cualesquiera mecanismos de informaci\u00f3n que pudieren contener los contenidos.<\/div><p>\u00a0<\/p><div>Introducir programas, virus, macros o cualquier otro dispositivo l\u00f3gico o secuencia de caracteres que causen o sean susceptibles de causar cualquier tipo de alteraci\u00f3n en la p\u00e1gina web o los sistemas inform\u00e1ticos que la soportan.<\/div><p>\u00a0<\/p><div>Usar o instalar programas o dispositivos capaces de invalidar los controles o contrase\u00f1as de seguridad, establecidos por GRUPO PICAPORTE, estando igualmente prohibido descifrar las claves, sistemas o algoritmos de cifrado o cualquier otro elemento de seguridad de la p\u00e1gina web o cualquiera de sus usuarios.<\/div><p>\u00a0<\/p><div>Realizar copia o captura de pantallas de la p\u00e1gina web, sin autorizaci\u00f3n expresa de GRUPO PICAPORTE.<\/div><p>\u00a0<\/p><div>Efectuar copias o versiones de la p\u00e1gina web o su c\u00f3digo fuente, sin el consentimiento expreso de GRUPO PICAPORTE.<\/div><p>\u00a0<\/p><div>Realizar cualquier tipo de comportamiento contrario a la Ley o la buena fe.<\/div><p>\u00a0<\/p><div><strong>Exclusi\u00f3n de Responsabilidad<\/strong><\/div><p>\u00a0<\/p><div>GRUPO PICAPORTE, no se hace responsable de las p\u00e9rdidas o perjuicios que pueda ocasionar al usuario por virus, indisponibilidad o cualquier otro comportamiento an\u00f3malo de la p\u00e1gina web. GRUPO PICAPORTE, ha adoptado todas las medidas de seguridad a su alcance y seg\u00fan el estado actual de la t\u00e9cnica, para garantizar el correcto funcionamiento de la web y evitar la generaci\u00f3n de cualquier tipo de da\u00f1o al usuario.<\/div><p>\u00a0<\/p><div>GRUPO PICAPORTE, no se hace responsable de los comentarios u opiniones vertidas por los usuarios. Si detecta alg\u00fan contenido inapropiado o que infrinja la Ley o derechos de terceros, puede comunicarlo a nuestra direcci\u00f3n de email.<\/div><div>\u00a0<\/div><div><strong>Enlaces<\/strong><\/div><p>\u00a0<\/p><div>GRUPO PICAPORTE declina cualquier responsabilidad por los servicios y\/o informaci\u00f3n que se preste en otras p\u00e1ginas enlazadas con esta Web. GRUPO PICAPORTE no controla ni ejerce ning\u00fan tipo de supervisi\u00f3n sobre las p\u00e1ginas enlazadas. Los usuarios que utilicen estos enlaces deber\u00e1n consultar las condiciones legales expuestas en las p\u00e1ginas de destino.<\/div><p>\u00a0<\/p><div><strong>Propiedad Intelectual<\/strong><\/div><p>\u00a0<\/p><div>Los textos, im\u00e1genes, logos, signos distintivos, sonidos, animaciones, v\u00eddeos, c\u00f3digo fuente y resto de contenidos incluidos en esta web son propiedad de GRUPO PICAPORTE, o dispone en su caso, del permiso para su uso y\/o explotaci\u00f3n.<\/div><p>\u00a0<\/p><div>Los usuarios de esta p\u00e1gina web podr\u00e1n llevar a cabo la reproducci\u00f3n o almacenamiento de los contenidos almacenados en esta p\u00e1gina para su exclusivo uso personal o las finalidades autorizadas en las condiciones legales de contrataci\u00f3n de nuestros productos y servicios. Cualquier otra transmisi\u00f3n, distribuci\u00f3n, reproducci\u00f3n o almacenamiento, total o parcial, de los contenidos almacenados en esta web, queda expresamente prohibida salvo previo y expreso consentimiento de GRUPO PICAPORTE.<\/div><p>\u00a0<\/p><div><strong>Legislaci\u00f3n y Jurisdicci\u00f3n<\/strong><\/div><p>\u00a0<\/p><div>Esta p\u00e1gina web se encuentra sometida a la legislaci\u00f3n Espa\u00f1ola y en caso de litigio o controversia surgida del uso de esta p\u00e1gina web, ambas partes se someten a la jurisdicci\u00f3n de los tribunales. Esta cl\u00e1usula de sumisi\u00f3n expresa a los tribunales de la ciudad de Madrid, no ser\u00e1 aplicable para los supuestos de litigio con los usuarios de la web que seg\u00fan la legislaci\u00f3n vigente ostenten la condici\u00f3n de consumidores, en cuyo caso ambas partes estar\u00e1n sometidos a la jurisdicci\u00f3n de los Juzgados y Tribunales de residencia del consumidor.<\/div><div>\u00a0<\/div><div><strong>Versi\u00f3n 1<\/strong><\/div><p>\u00a0<\/p><div>Este Aviso Legal es de fecha 27\/11\/2025 y cualquier modificaci\u00f3n de sus t\u00e9rminos ser\u00e1 publicada en la p\u00e1gina web.<\/div><\/div>\t\t\t\t\t\t\t\t<\/div>\n\t\t\t\t<\/div>\n\t\t\t\t\t<\/div>\n\t\t\t\t<\/div>\n\t\t\t\t<\/div>","protected":false},"excerpt":{"rendered":"<p>Responsable Legal \u00a0 PICAPORTE EVENTS &amp; CREATIVITY LAB, S.LNIF\/CIF: B75366252Inscrita en registro mercantil de Madrid, folio 8, secci\u00f3n 8, M-834638Direcci\u00f3n: Calle Gamonal, 20 1\u00baG, 28031, MadridEmail de Contacto: hola@grupopicaporte.es \u00a0 Las presentes condiciones legales regulan el uso permitido de esta p\u00e1gina web que PICAPORTE EVENTS &amp; CREATIVITY LAB, S.L., en adelante, (GRUPO PICAPORTE) pone gratuitamente&hellip;<\/p>","protected":false},"author":1,"featured_media":0,"parent":0,"menu_order":0,"comment_status":"closed","ping_status":"closed","template":"","meta":{"footnotes":""},"class_list":["post-41432","page","type-page","status-publish","hentry"],"yoast_head":"<!-- This site is optimized with the Yoast SEO plugin v27.3 - https:\/\/yoast.com\/product\/yoast-seo-wordpress\/ -->\n<title>Aviso legal - Grupo Picaporte<\/title>\n<meta name=\"robots\" content=\"index, follow, max-snippet:-1, max-image-preview:large, max-video-preview:-1\" \/>\n<link rel=\"canonical\" href=\"https:\/\/www.grupopicaporte.es\/en\/aviso-legal\/\" \/>\n<meta property=\"og:locale\" content=\"en_GB\" \/>\n<meta property=\"og:type\" content=\"article\" \/>\n<meta property=\"og:title\" content=\"Aviso legal - Grupo Picaporte\" \/>\n<meta property=\"og:description\" content=\"Responsable Legal \u00a0 PICAPORTE EVENTS &amp; CREATIVITY LAB, S.LNIF\/CIF: B75366252Inscrita en registro mercantil de Madrid, folio 8, secci\u00f3n 8, M-834638Direcci\u00f3n: Calle Gamonal, 20 1\u00baG, 28031, MadridEmail de Contacto: hola@grupopicaporte.es \u00a0 Las presentes condiciones legales regulan el uso permitido de esta p\u00e1gina web que PICAPORTE EVENTS &amp; CREATIVITY LAB, S.L., en adelante, (GRUPO PICAPORTE) pone gratuitamente&hellip;\" \/>\n<meta property=\"og:url\" content=\"https:\/\/www.grupopicaporte.es\/en\/aviso-legal\/\" \/>\n<meta property=\"og:site_name\" content=\"Grupo Picaporte\" \/>\n<meta property=\"article:modified_time\" content=\"2026-01-28T09:14:29+00:00\" \/>\n<meta name=\"twitter:card\" content=\"summary_large_image\" \/>\n<meta name=\"twitter:label1\" content=\"Estimated reading time\" \/>\n\t<meta name=\"twitter:data1\" content=\"3 minutes\" \/>\n<script type=\"application\/ld+json\" class=\"yoast-schema-graph\">{\"@context\":\"https:\\\/\\\/schema.org\",\"@graph\":[{\"@type\":\"WebPage\",\"@id\":\"https:\\\/\\\/www.grupopicaporte.es\\\/aviso-legal\\\/\",\"url\":\"https:\\\/\\\/www.grupopicaporte.es\\\/aviso-legal\\\/\",\"name\":\"Aviso legal - Grupo Picaporte\",\"isPartOf\":{\"@id\":\"https:\\\/\\\/www.grupopicaporte.es\\\/#website\"},\"datePublished\":\"2025-11-27T08:58:15+00:00\",\"dateModified\":\"2026-01-28T09:14:29+00:00\",\"breadcrumb\":{\"@id\":\"https:\\\/\\\/www.grupopicaporte.es\\\/aviso-legal\\\/#breadcrumb\"},\"inLanguage\":\"en-GB\",\"potentialAction\":[{\"@type\":\"ReadAction\",\"target\":[\"https:\\\/\\\/www.grupopicaporte.es\\\/aviso-legal\\\/\"]}]},{\"@type\":\"BreadcrumbList\",\"@id\":\"https:\\\/\\\/www.grupopicaporte.es\\\/aviso-legal\\\/#breadcrumb\",\"itemListElement\":[{\"@type\":\"ListItem\",\"position\":1,\"name\":\"Portada\",\"item\":\"https:\\\/\\\/www.grupopicaporte.es\\\/\"},{\"@type\":\"ListItem\",\"position\":2,\"name\":\"Aviso legal\"}]},{\"@type\":\"WebSite\",\"@id\":\"https:\\\/\\\/www.grupopicaporte.es\\\/#website\",\"url\":\"https:\\\/\\\/www.grupopicaporte.es\\\/\",\"name\":\"Grupo Picaporte\",\"description\":\"Picaporte\",\"publisher\":{\"@id\":\"https:\\\/\\\/www.grupopicaporte.es\\\/#organization\"},\"potentialAction\":[{\"@type\":\"SearchAction\",\"target\":{\"@type\":\"EntryPoint\",\"urlTemplate\":\"https:\\\/\\\/www.grupopicaporte.es\\\/?s={search_term_string}\"},\"query-input\":{\"@type\":\"PropertyValueSpecification\",\"valueRequired\":true,\"valueName\":\"search_term_string\"}}],\"inLanguage\":\"en-GB\"},{\"@type\":\"Organization\",\"@id\":\"https:\\\/\\\/www.grupopicaporte.es\\\/#organization\",\"name\":\"Grupo Picaporte\",\"url\":\"https:\\\/\\\/www.grupopicaporte.es\\\/\",\"logo\":{\"@type\":\"ImageObject\",\"inLanguage\":\"en-GB\",\"@id\":\"https:\\\/\\\/www.grupopicaporte.es\\\/#\\\/schema\\\/logo\\\/image\\\/\",\"url\":\"https:\\\/\\\/www.grupopicaporte.es\\\/wp-content\\\/uploads\\\/2025\\\/11\\\/PICAPORTE_300x169.png\",\"contentUrl\":\"https:\\\/\\\/www.grupopicaporte.es\\\/wp-content\\\/uploads\\\/2025\\\/11\\\/PICAPORTE_300x169.png\",\"width\":1194,\"height\":260,\"caption\":\"Grupo Picaporte\"},\"image\":{\"@id\":\"https:\\\/\\\/www.grupopicaporte.es\\\/#\\\/schema\\\/logo\\\/image\\\/\"}}]}<\/script>\n<!-- \/ Yoast SEO plugin. -->","yoast_head_json":{"title":"Aviso legal - Grupo Picaporte","robots":{"index":"index","follow":"follow","max-snippet":"max-snippet:-1","max-image-preview":"max-image-preview:large","max-video-preview":"max-video-preview:-1"},"canonical":"https:\/\/www.grupopicaporte.es\/en\/aviso-legal\/","og_locale":"en_GB","og_type":"article","og_title":"Aviso legal - Grupo Picaporte","og_description":"Responsable Legal \u00a0 PICAPORTE EVENTS &amp; CREATIVITY LAB, S.LNIF\/CIF: B75366252Inscrita en registro mercantil de Madrid, folio 8, secci\u00f3n 8, M-834638Direcci\u00f3n: Calle Gamonal, 20 1\u00baG, 28031, MadridEmail de Contacto: hola@grupopicaporte.es \u00a0 Las presentes condiciones legales regulan el uso permitido de esta p\u00e1gina web que PICAPORTE EVENTS &amp; CREATIVITY LAB, S.L., en adelante, (GRUPO PICAPORTE) pone gratuitamente&hellip;","og_url":"https:\/\/www.grupopicaporte.es\/en\/aviso-legal\/","og_site_name":"Grupo Picaporte","article_modified_time":"2026-01-28T09:14:29+00:00","twitter_card":"summary_large_image","twitter_misc":{"Estimated reading time":"3 minutes"},"schema":{"@context":"https:\/\/schema.org","@graph":[{"@type":"WebPage","@id":"https:\/\/www.grupopicaporte.es\/aviso-legal\/","url":"https:\/\/www.grupopicaporte.es\/aviso-legal\/","name":"Aviso legal - Grupo Picaporte","isPartOf":{"@id":"https:\/\/www.grupopicaporte.es\/#website"},"datePublished":"2025-11-27T08:58:15+00:00","dateModified":"2026-01-28T09:14:29+00:00","breadcrumb":{"@id":"https:\/\/www.grupopicaporte.es\/aviso-legal\/#breadcrumb"},"inLanguage":"en-GB","potentialAction":[{"@type":"ReadAction","target":["https:\/\/www.grupopicaporte.es\/aviso-legal\/"]}]},{"@type":"BreadcrumbList","@id":"https:\/\/www.grupopicaporte.es\/aviso-legal\/#breadcrumb","itemListElement":[{"@type":"ListItem","position":1,"name":"Portada","item":"https:\/\/www.grupopicaporte.es\/"},{"@type":"ListItem","position":2,"name":"Aviso legal"}]},{"@type":"WebSite","@id":"https:\/\/www.grupopicaporte.es\/#website","url":"https:\/\/www.grupopicaporte.es\/","name":"Grupo Picaporte","description":"Picaporte","publisher":{"@id":"https:\/\/www.grupopicaporte.es\/#organization"},"potentialAction":[{"@type":"SearchAction","target":{"@type":"EntryPoint","urlTemplate":"https:\/\/www.grupopicaporte.es\/?s={search_term_string}"},"query-input":{"@type":"PropertyValueSpecification","valueRequired":true,"valueName":"search_term_string"}}],"inLanguage":"en-GB"},{"@type":"Organization","@id":"https:\/\/www.grupopicaporte.es\/#organization","name":"Grupo Picaporte","url":"https:\/\/www.grupopicaporte.es\/","logo":{"@type":"ImageObject","inLanguage":"en-GB","@id":"https:\/\/www.grupopicaporte.es\/#\/schema\/logo\/image\/","url":"https:\/\/www.grupopicaporte.es\/wp-content\/uploads\/2025\/11\/PICAPORTE_300x169.png","contentUrl":"https:\/\/www.grupopicaporte.es\/wp-content\/uploads\/2025\/11\/PICAPORTE_300x169.png","width":1194,"height":260,"caption":"Grupo Picaporte"},"image":{"@id":"https:\/\/www.grupopicaporte.es\/#\/schema\/logo\/image\/"}}]}},"_links":{"self":[{"href":"https:\/\/www.grupopicaporte.es\/en\/wp-json\/wp\/v2\/pages\/41432","targetHints":{"allow":["GET"]}}],"collection":[{"href":"https:\/\/www.grupopicaporte.es\/en\/wp-json\/wp\/v2\/pages"}],"about":[{"href":"https:\/\/www.grupopicaporte.es\/en\/wp-json\/wp\/v2\/types\/page"}],"author":[{"embeddable":true,"href":"https:\/\/www.grupopicaporte.es\/en\/wp-json\/wp\/v2\/users\/1"}],"replies":[{"embeddable":true,"href":"https:\/\/www.grupopicaporte.es\/en\/wp-json\/wp\/v2\/comments?post=41432"}],"version-history":[{"count":4,"href":"https:\/\/www.grupopicaporte.es\/en\/wp-json\/wp\/v2\/pages\/41432\/revisions"}],"predecessor-version":[{"id":41807,"href":"https:\/\/www.grupopicaporte.es\/en\/wp-json\/wp\/v2\/pages\/41432\/revisions\/41807"}],"wp:attachment":[{"href":"https:\/\/www.grupopicaporte.es\/en\/wp-json\/wp\/v2\/media?parent=41432"}],"curies":[{"name":"wp","href":"https:\/\/api.w.org\/{rel}","templated":true}]}}